{"id":695,"date":"2023-11-08T18:56:17","date_gmt":"2023-11-08T17:56:17","guid":{"rendered":"http:\/\/schippers.es\/arbeiten-sie-mit-uns\/"},"modified":"2024-01-12T18:37:02","modified_gmt":"2024-01-12T17:37:02","slug":"arbeiten-sie-mit-uns","status":"publish","type":"page","link":"https:\/\/schippers.es\/de\/arbeiten-sie-mit-uns\/","title":{"rendered":"Arbeiten Sie mit uns"},"content":{"rendered":"<p>[et_pb_section fb_built=&#8220;1&#8243; admin_label=&#8220;section&#8220; _builder_version=&#8220;4.16&#8243; global_colors_info=&#8220;{}&#8220; theme_builder_area=&#8220;post_content&#8220;][et_pb_row admin_label=&#8220;row&#8220; _builder_version=&#8220;4.16&#8243; background_size=&#8220;initial&#8220; background_position=&#8220;top_left&#8220; background_repeat=&#8220;repeat&#8220; global_colors_info=&#8220;{}&#8220; theme_builder_area=&#8220;post_content&#8220;][et_pb_column type=&#8220;4_4&#8243; _builder_version=&#8220;4.16&#8243; custom_padding=&#8220;|||&#8220; global_colors_info=&#8220;{}&#8220; custom_padding__hover=&#8220;|||&#8220; theme_builder_area=&#8220;post_content&#8220;][et_pb_text _builder_version=&#8220;4.23.1&#8243; _module_preset=&#8220;default&#8220; global_colors_info=&#8220;{}&#8220; theme_builder_area=&#8220;post_content&#8220;]<\/p>\n<h2 style=\"text-align: center;\">M\u00f6chten Sie mit uns zusammenarbeiten?<\/h2>\n<h3 style=\"text-align: center;\">Trete unserem Team bei<\/h3>\n<p>[\/et_pb_text][et_pb_contact_form email=&#8220;miguel@schippers.es&#8220; custom_message=&#8220;Nombre: %%Name%%||et_pb_line_break_holder||Apellido: %%Apellidos%%||et_pb_line_break_holder||Email: %%Email%%||et_pb_line_break_holder||Tel\u00e9fono: %%Telefono%%||et_pb_line_break_holder||Curr\u00edculum: %%Curriculum%%&#8220; success_message=&#8220;Vielen Dank f\u00fcr die Anfrage&#8220; _builder_version=&#8220;4.23.4&#8243; _module_preset=&#8220;default&#8220; _unique_id=&#8220;258e2459-a156-4883-abc2-24a5cb2ef28b&#8220; hover_enabled=&#8220;0&#8243; global_colors_info=&#8220;{}&#8220; theme_builder_area=&#8220;post_content&#8220; sticky_enabled=&#8220;0&#8243;][et_pb_contact_field field_id=&#8220;Name&#8220; field_title=&#8220;Vorname&#8220; fullwidth_field=&#8220;on&#8220; _builder_version=&#8220;4.23.4&#8243; global_colors_info=&#8220;{}&#8220; button_text_size__hover_enabled=&#8220;off&#8220; button_one_text_size__hover_enabled=&#8220;off&#8220; button_two_text_size__hover_enabled=&#8220;off&#8220; button_text_color__hover_enabled=&#8220;off&#8220; button_one_text_color__hover_enabled=&#8220;off&#8220; button_two_text_color__hover_enabled=&#8220;off&#8220; button_border_width__hover_enabled=&#8220;off&#8220; button_one_border_width__hover_enabled=&#8220;off&#8220; button_two_border_width__hover_enabled=&#8220;off&#8220; button_border_color__hover_enabled=&#8220;off&#8220; button_one_border_color__hover_enabled=&#8220;off&#8220; button_two_border_color__hover_enabled=&#8220;off&#8220; button_border_radius__hover_enabled=&#8220;off&#8220; button_one_border_radius__hover_enabled=&#8220;off&#8220; button_two_border_radius__hover_enabled=&#8220;off&#8220; button_letter_spacing__hover_enabled=&#8220;off&#8220; button_one_letter_spacing__hover_enabled=&#8220;off&#8220; button_two_letter_spacing__hover_enabled=&#8220;off&#8220; button_bg_color__hover_enabled=&#8220;off&#8220; button_one_bg_color__hover_enabled=&#8220;off&#8220; button_two_bg_color__hover_enabled=&#8220;off&#8220; theme_builder_area=&#8220;post_content&#8220;][\/et_pb_contact_field][et_pb_contact_field field_id=&#8220;Apellidos&#8220; field_title=&#8220;Nachname&#8220; fullwidth_field=&#8220;on&#8220; _builder_version=&#8220;4.23.1&#8243; global_colors_info=&#8220;{}&#8220; button_text_size__hover_enabled=&#8220;off&#8220; button_one_text_size__hover_enabled=&#8220;off&#8220; button_two_text_size__hover_enabled=&#8220;off&#8220; button_text_color__hover_enabled=&#8220;off&#8220; button_one_text_color__hover_enabled=&#8220;off&#8220; button_two_text_color__hover_enabled=&#8220;off&#8220; button_border_width__hover_enabled=&#8220;off&#8220; button_one_border_width__hover_enabled=&#8220;off&#8220; button_two_border_width__hover_enabled=&#8220;off&#8220; button_border_color__hover_enabled=&#8220;off&#8220; button_one_border_color__hover_enabled=&#8220;off&#8220; button_two_border_color__hover_enabled=&#8220;off&#8220; button_border_radius__hover_enabled=&#8220;off&#8220; button_one_border_radius__hover_enabled=&#8220;off&#8220; button_two_border_radius__hover_enabled=&#8220;off&#8220; button_letter_spacing__hover_enabled=&#8220;off&#8220; button_one_letter_spacing__hover_enabled=&#8220;off&#8220; button_two_letter_spacing__hover_enabled=&#8220;off&#8220; button_bg_color__hover_enabled=&#8220;off&#8220; button_one_bg_color__hover_enabled=&#8220;off&#8220; button_two_bg_color__hover_enabled=&#8220;off&#8220; theme_builder_area=&#8220;post_content&#8220;][\/et_pb_contact_field][et_pb_contact_field field_id=&#8220;Email&#8220; field_title=&#8220;Ihre E-Mail Adresse&#8220; field_type=&#8220;email&#8220; _builder_version=&#8220;4.23.1&#8243; global_colors_info=&#8220;{}&#8220; button_text_size__hover_enabled=&#8220;off&#8220; button_one_text_size__hover_enabled=&#8220;off&#8220; button_two_text_size__hover_enabled=&#8220;off&#8220; button_text_color__hover_enabled=&#8220;off&#8220; button_one_text_color__hover_enabled=&#8220;off&#8220; button_two_text_color__hover_enabled=&#8220;off&#8220; button_border_width__hover_enabled=&#8220;off&#8220; button_one_border_width__hover_enabled=&#8220;off&#8220; button_two_border_width__hover_enabled=&#8220;off&#8220; button_border_color__hover_enabled=&#8220;off&#8220; button_one_border_color__hover_enabled=&#8220;off&#8220; button_two_border_color__hover_enabled=&#8220;off&#8220; button_border_radius__hover_enabled=&#8220;off&#8220; button_one_border_radius__hover_enabled=&#8220;off&#8220; button_two_border_radius__hover_enabled=&#8220;off&#8220; button_letter_spacing__hover_enabled=&#8220;off&#8220; button_one_letter_spacing__hover_enabled=&#8220;off&#8220; button_two_letter_spacing__hover_enabled=&#8220;off&#8220; button_bg_color__hover_enabled=&#8220;off&#8220; button_one_bg_color__hover_enabled=&#8220;off&#8220; button_two_bg_color__hover_enabled=&#8220;off&#8220; theme_builder_area=&#8220;post_content&#8220;][\/et_pb_contact_field][et_pb_contact_field field_id=&#8220;Telefono&#8220; field_title=&#8220;Telefon&#8220; _builder_version=&#8220;4.23.4&#8243; global_colors_info=&#8220;{}&#8220; button_text_size__hover_enabled=&#8220;off&#8220; button_one_text_size__hover_enabled=&#8220;off&#8220; button_two_text_size__hover_enabled=&#8220;off&#8220; button_text_color__hover_enabled=&#8220;off&#8220; button_one_text_color__hover_enabled=&#8220;off&#8220; button_two_text_color__hover_enabled=&#8220;off&#8220; button_border_width__hover_enabled=&#8220;off&#8220; button_one_border_width__hover_enabled=&#8220;off&#8220; button_two_border_width__hover_enabled=&#8220;off&#8220; button_border_color__hover_enabled=&#8220;off&#8220; button_one_border_color__hover_enabled=&#8220;off&#8220; button_two_border_color__hover_enabled=&#8220;off&#8220; button_border_radius__hover_enabled=&#8220;off&#8220; button_one_border_radius__hover_enabled=&#8220;off&#8220; button_two_border_radius__hover_enabled=&#8220;off&#8220; button_letter_spacing__hover_enabled=&#8220;off&#8220; button_one_letter_spacing__hover_enabled=&#8220;off&#8220; button_two_letter_spacing__hover_enabled=&#8220;off&#8220; button_bg_color__hover_enabled=&#8220;off&#8220; button_one_bg_color__hover_enabled=&#8220;off&#8220; button_two_bg_color__hover_enabled=&#8220;off&#8220; theme_builder_area=&#8220;post_content&#8220;][\/et_pb_contact_field][et_pb_contact_field field_id=&#8220;Curriculum&#8220; field_title=&#8220;Ihr Anschreiben&#8220; field_type=&#8220;text&#8220; fullwidth_field=&#8220;on&#8220; _builder_version=&#8220;4.23.1&#8243; global_colors_info=&#8220;{}&#8220; button_text_size__hover_enabled=&#8220;off&#8220; button_one_text_size__hover_enabled=&#8220;off&#8220; button_two_text_size__hover_enabled=&#8220;off&#8220; button_text_color__hover_enabled=&#8220;off&#8220; button_one_text_color__hover_enabled=&#8220;off&#8220; button_two_text_color__hover_enabled=&#8220;off&#8220; button_border_width__hover_enabled=&#8220;off&#8220; button_one_border_width__hover_enabled=&#8220;off&#8220; button_two_border_width__hover_enabled=&#8220;off&#8220; button_border_color__hover_enabled=&#8220;off&#8220; button_one_border_color__hover_enabled=&#8220;off&#8220; button_two_border_color__hover_enabled=&#8220;off&#8220; button_border_radius__hover_enabled=&#8220;off&#8220; button_one_border_radius__hover_enabled=&#8220;off&#8220; button_two_border_radius__hover_enabled=&#8220;off&#8220; button_letter_spacing__hover_enabled=&#8220;off&#8220; button_one_letter_spacing__hover_enabled=&#8220;off&#8220; button_two_letter_spacing__hover_enabled=&#8220;off&#8220; button_bg_color__hover_enabled=&#8220;off&#8220; button_one_bg_color__hover_enabled=&#8220;off&#8220; button_two_bg_color__hover_enabled=&#8220;off&#8220; theme_builder_area=&#8220;post_content&#8220;][\/et_pb_contact_field][\/et_pb_contact_form][\/et_pb_column][\/et_pb_row][\/et_pb_section]<\/p>\n","protected":false},"excerpt":{"rendered":"<p>M\u00f6chten Sie mit uns zusammenarbeiten? Trete unserem Team bei<\/p>\n","protected":false},"author":3,"featured_media":579,"parent":0,"menu_order":0,"comment_status":"closed","ping_status":"closed","template":"","meta":{"_et_pb_use_builder":"on","_et_pb_old_content":"","_et_gb_content_width":"","footnotes":""},"class_list":["post-695","page","type-page","status-publish","has-post-thumbnail","hentry"],"yoast_head":"<!-- This site is optimized with the Yoast SEO plugin v26.2 - https:\/\/yoast.com\/wordpress\/plugins\/seo\/ -->\n<title>Arbeiten Sie mit uns - Schippers, Corredur\u00eda de Seguros<\/title>\n<meta name=\"robots\" content=\"index, follow, max-snippet:-1, max-image-preview:large, max-video-preview:-1\" \/>\n<link rel=\"canonical\" href=\"https:\/\/schippers.es\/de\/arbeiten-sie-mit-uns\/\" \/>\n<meta property=\"og:locale\" content=\"de_DE\" \/>\n<meta property=\"og:type\" content=\"article\" \/>\n<meta property=\"og:title\" content=\"Arbeiten Sie mit uns - Schippers, Corredur\u00eda de Seguros\" \/>\n<meta property=\"og:description\" content=\"M\u00f6chten Sie mit uns zusammenarbeiten? Trete unserem Team bei\" \/>\n<meta property=\"og:url\" content=\"https:\/\/schippers.es\/de\/arbeiten-sie-mit-uns\/\" \/>\n<meta property=\"og:site_name\" content=\"Schippers, Corredur\u00eda de Seguros\" \/>\n<meta property=\"article:publisher\" content=\"https:\/\/www.facebook.com\/SchippersSeguros\" \/>\n<meta property=\"article:modified_time\" content=\"2024-01-12T17:37:02+00:00\" \/>\n<meta property=\"og:image\" content=\"https:\/\/schippers.es\/wp-content\/uploads\/2023\/08\/Schippers-Seguros-Equipo-Humano.jpg\" \/>\n\t<meta property=\"og:image:width\" content=\"2000\" \/>\n\t<meta property=\"og:image:height\" content=\"667\" \/>\n\t<meta property=\"og:image:type\" content=\"image\/jpeg\" \/>\n<meta name=\"twitter:card\" content=\"summary_large_image\" \/>\n<meta name=\"twitter:label1\" content=\"Gesch\u00e4tzte Lesezeit\" \/>\n\t<meta name=\"twitter:data1\" content=\"5\u00a0Minuten\" \/>\n<script type=\"application\/ld+json\" class=\"yoast-schema-graph\">{\"@context\":\"https:\/\/schema.org\",\"@graph\":[{\"@type\":\"WebPage\",\"@id\":\"https:\/\/schippers.es\/de\/arbeiten-sie-mit-uns\/\",\"url\":\"https:\/\/schippers.es\/de\/arbeiten-sie-mit-uns\/\",\"name\":\"Arbeiten Sie mit uns - Schippers, Corredur\u00eda de Seguros\",\"isPartOf\":{\"@id\":\"https:\/\/schippers.es\/#website\"},\"primaryImageOfPage\":{\"@id\":\"https:\/\/schippers.es\/de\/arbeiten-sie-mit-uns\/#primaryimage\"},\"image\":{\"@id\":\"https:\/\/schippers.es\/de\/arbeiten-sie-mit-uns\/#primaryimage\"},\"thumbnailUrl\":\"https:\/\/schippers.es\/wp-content\/uploads\/2023\/08\/Schippers-Seguros-Equipo-Humano.jpg\",\"datePublished\":\"2023-11-08T17:56:17+00:00\",\"dateModified\":\"2024-01-12T17:37:02+00:00\",\"breadcrumb\":{\"@id\":\"https:\/\/schippers.es\/de\/arbeiten-sie-mit-uns\/#breadcrumb\"},\"inLanguage\":\"de\",\"potentialAction\":[{\"@type\":\"ReadAction\",\"target\":[\"https:\/\/schippers.es\/de\/arbeiten-sie-mit-uns\/\"]}]},{\"@type\":\"ImageObject\",\"inLanguage\":\"de\",\"@id\":\"https:\/\/schippers.es\/de\/arbeiten-sie-mit-uns\/#primaryimage\",\"url\":\"https:\/\/schippers.es\/wp-content\/uploads\/2023\/08\/Schippers-Seguros-Equipo-Humano.jpg\",\"contentUrl\":\"https:\/\/schippers.es\/wp-content\/uploads\/2023\/08\/Schippers-Seguros-Equipo-Humano.jpg\",\"width\":2000,\"height\":667,\"caption\":\"Collaboration, support, unity, solidarity concept. Team of workers holding hands ready to defend company interests and help each other. Business partners standing together. Banner, header, hero image\"},{\"@type\":\"BreadcrumbList\",\"@id\":\"https:\/\/schippers.es\/de\/arbeiten-sie-mit-uns\/#breadcrumb\",\"itemListElement\":[{\"@type\":\"ListItem\",\"position\":1,\"name\":\"Portada\",\"item\":\"https:\/\/schippers.es\/de\/\"},{\"@type\":\"ListItem\",\"position\":2,\"name\":\"Arbeiten Sie mit uns\"}]},{\"@type\":\"WebSite\",\"@id\":\"https:\/\/schippers.es\/#website\",\"url\":\"https:\/\/schippers.es\/\",\"name\":\"Schippers, Corredur\u00eda de Seguros\",\"description\":\"Schippers, Corredur\u00eda de Seguros\",\"publisher\":{\"@id\":\"https:\/\/schippers.es\/#organization\"},\"alternateName\":\"Schippers Seguros\",\"potentialAction\":[{\"@type\":\"SearchAction\",\"target\":{\"@type\":\"EntryPoint\",\"urlTemplate\":\"https:\/\/schippers.es\/?s={search_term_string}\"},\"query-input\":{\"@type\":\"PropertyValueSpecification\",\"valueRequired\":true,\"valueName\":\"search_term_string\"}}],\"inLanguage\":\"de\"},{\"@type\":\"Organization\",\"@id\":\"https:\/\/schippers.es\/#organization\",\"name\":\"Schippers, Corredur\u00eda de Seguros\",\"alternateName\":\"Schippers\",\"url\":\"https:\/\/schippers.es\/\",\"logo\":{\"@type\":\"ImageObject\",\"inLanguage\":\"de\",\"@id\":\"https:\/\/schippers.es\/#\/schema\/logo\/image\/\",\"url\":\"https:\/\/schippers.es\/wp-content\/uploads\/2024\/01\/Logo-Schippers-696x696-1.png\",\"contentUrl\":\"https:\/\/schippers.es\/wp-content\/uploads\/2024\/01\/Logo-Schippers-696x696-1.png\",\"width\":696,\"height\":696,\"caption\":\"Schippers, Corredur\u00eda de Seguros\"},\"image\":{\"@id\":\"https:\/\/schippers.es\/#\/schema\/logo\/image\/\"},\"sameAs\":[\"https:\/\/www.facebook.com\/SchippersSeguros\",\"https:\/\/www.instagram.com\/schippers_seguros\/\"]}]}<\/script>\n<!-- \/ Yoast SEO plugin. -->","yoast_head_json":{"title":"Arbeiten Sie mit uns - Schippers, Corredur\u00eda de Seguros","robots":{"index":"index","follow":"follow","max-snippet":"max-snippet:-1","max-image-preview":"max-image-preview:large","max-video-preview":"max-video-preview:-1"},"canonical":"https:\/\/schippers.es\/de\/arbeiten-sie-mit-uns\/","og_locale":"de_DE","og_type":"article","og_title":"Arbeiten Sie mit uns - Schippers, Corredur\u00eda de Seguros","og_description":"M\u00f6chten Sie mit uns zusammenarbeiten? Trete unserem Team bei","og_url":"https:\/\/schippers.es\/de\/arbeiten-sie-mit-uns\/","og_site_name":"Schippers, Corredur\u00eda de Seguros","article_publisher":"https:\/\/www.facebook.com\/SchippersSeguros","article_modified_time":"2024-01-12T17:37:02+00:00","og_image":[{"width":2000,"height":667,"url":"https:\/\/schippers.es\/wp-content\/uploads\/2023\/08\/Schippers-Seguros-Equipo-Humano.jpg","type":"image\/jpeg"}],"twitter_card":"summary_large_image","twitter_misc":{"Gesch\u00e4tzte Lesezeit":"5\u00a0Minuten"},"schema":{"@context":"https:\/\/schema.org","@graph":[{"@type":"WebPage","@id":"https:\/\/schippers.es\/de\/arbeiten-sie-mit-uns\/","url":"https:\/\/schippers.es\/de\/arbeiten-sie-mit-uns\/","name":"Arbeiten Sie mit uns - Schippers, Corredur\u00eda de Seguros","isPartOf":{"@id":"https:\/\/schippers.es\/#website"},"primaryImageOfPage":{"@id":"https:\/\/schippers.es\/de\/arbeiten-sie-mit-uns\/#primaryimage"},"image":{"@id":"https:\/\/schippers.es\/de\/arbeiten-sie-mit-uns\/#primaryimage"},"thumbnailUrl":"https:\/\/schippers.es\/wp-content\/uploads\/2023\/08\/Schippers-Seguros-Equipo-Humano.jpg","datePublished":"2023-11-08T17:56:17+00:00","dateModified":"2024-01-12T17:37:02+00:00","breadcrumb":{"@id":"https:\/\/schippers.es\/de\/arbeiten-sie-mit-uns\/#breadcrumb"},"inLanguage":"de","potentialAction":[{"@type":"ReadAction","target":["https:\/\/schippers.es\/de\/arbeiten-sie-mit-uns\/"]}]},{"@type":"ImageObject","inLanguage":"de","@id":"https:\/\/schippers.es\/de\/arbeiten-sie-mit-uns\/#primaryimage","url":"https:\/\/schippers.es\/wp-content\/uploads\/2023\/08\/Schippers-Seguros-Equipo-Humano.jpg","contentUrl":"https:\/\/schippers.es\/wp-content\/uploads\/2023\/08\/Schippers-Seguros-Equipo-Humano.jpg","width":2000,"height":667,"caption":"Collaboration, support, unity, solidarity concept. Team of workers holding hands ready to defend company interests and help each other. Business partners standing together. Banner, header, hero image"},{"@type":"BreadcrumbList","@id":"https:\/\/schippers.es\/de\/arbeiten-sie-mit-uns\/#breadcrumb","itemListElement":[{"@type":"ListItem","position":1,"name":"Portada","item":"https:\/\/schippers.es\/de\/"},{"@type":"ListItem","position":2,"name":"Arbeiten Sie mit uns"}]},{"@type":"WebSite","@id":"https:\/\/schippers.es\/#website","url":"https:\/\/schippers.es\/","name":"Schippers, Corredur\u00eda de Seguros","description":"Schippers, Corredur\u00eda de Seguros","publisher":{"@id":"https:\/\/schippers.es\/#organization"},"alternateName":"Schippers Seguros","potentialAction":[{"@type":"SearchAction","target":{"@type":"EntryPoint","urlTemplate":"https:\/\/schippers.es\/?s={search_term_string}"},"query-input":{"@type":"PropertyValueSpecification","valueRequired":true,"valueName":"search_term_string"}}],"inLanguage":"de"},{"@type":"Organization","@id":"https:\/\/schippers.es\/#organization","name":"Schippers, Corredur\u00eda de Seguros","alternateName":"Schippers","url":"https:\/\/schippers.es\/","logo":{"@type":"ImageObject","inLanguage":"de","@id":"https:\/\/schippers.es\/#\/schema\/logo\/image\/","url":"https:\/\/schippers.es\/wp-content\/uploads\/2024\/01\/Logo-Schippers-696x696-1.png","contentUrl":"https:\/\/schippers.es\/wp-content\/uploads\/2024\/01\/Logo-Schippers-696x696-1.png","width":696,"height":696,"caption":"Schippers, Corredur\u00eda de Seguros"},"image":{"@id":"https:\/\/schippers.es\/#\/schema\/logo\/image\/"},"sameAs":["https:\/\/www.facebook.com\/SchippersSeguros","https:\/\/www.instagram.com\/schippers_seguros\/"]}]}},"_links":{"self":[{"href":"https:\/\/schippers.es\/de\/wp-json\/wp\/v2\/pages\/695","targetHints":{"allow":["GET"]}}],"collection":[{"href":"https:\/\/schippers.es\/de\/wp-json\/wp\/v2\/pages"}],"about":[{"href":"https:\/\/schippers.es\/de\/wp-json\/wp\/v2\/types\/page"}],"author":[{"embeddable":true,"href":"https:\/\/schippers.es\/de\/wp-json\/wp\/v2\/users\/3"}],"replies":[{"embeddable":true,"href":"https:\/\/schippers.es\/de\/wp-json\/wp\/v2\/comments?post=695"}],"version-history":[{"count":10,"href":"https:\/\/schippers.es\/de\/wp-json\/wp\/v2\/pages\/695\/revisions"}],"predecessor-version":[{"id":1098,"href":"https:\/\/schippers.es\/de\/wp-json\/wp\/v2\/pages\/695\/revisions\/1098"}],"wp:featuredmedia":[{"embeddable":true,"href":"https:\/\/schippers.es\/de\/wp-json\/wp\/v2\/media\/579"}],"wp:attachment":[{"href":"https:\/\/schippers.es\/de\/wp-json\/wp\/v2\/media?parent=695"}],"curies":[{"name":"wp","href":"https:\/\/api.w.org\/{rel}","templated":true}]}}