{"id":747,"date":"2023-07-13T16:59:47","date_gmt":"2023-07-13T14:59:47","guid":{"rendered":"http:\/\/schippers.es\/rechtlicher-hinweis\/"},"modified":"2023-11-30T12:16:48","modified_gmt":"2023-11-30T11:16:48","slug":"rechtlicher-hinweis","status":"publish","type":"page","link":"https:\/\/schippers.es\/de\/rechtlicher-hinweis\/","title":{"rendered":"Rechtlicher Hinweis"},"content":{"rendered":"<p>[et_pb_section fb_built=&#8220;1&#8243; admin_label=&#8220;section&#8220; _builder_version=&#8220;4.16&#8243; global_colors_info=&#8220;{}&#8220;][et_pb_row admin_label=&#8220;row&#8220; _builder_version=&#8220;4.16&#8243; background_size=&#8220;initial&#8220; background_position=&#8220;top_left&#8220; background_repeat=&#8220;repeat&#8220; global_colors_info=&#8220;{}&#8220;][et_pb_column type=&#8220;4_4&#8243; _builder_version=&#8220;4.16&#8243; custom_padding=&#8220;|||&#8220; global_colors_info=&#8220;{}&#8220; custom_padding__hover=&#8220;|||&#8220;][et_pb_text admin_label=&#8220;Text&#8220; _builder_version=&#8220;4.23.1&#8243; background_size=&#8220;initial&#8220; background_position=&#8220;top_left&#8220; background_repeat=&#8220;repeat&#8220; hover_enabled=&#8220;0&#8243; global_colors_info=&#8220;{}&#8220; sticky_enabled=&#8220;0&#8243;]<\/p>\n<p style=\"font-weight: 400;\">Die Corredur\u00eda de Seguros Schippers, S.L. stellt allen ihren Kunden ihre Pflicht zur Vorinformation zur Verf\u00fcgung.<\/p>\n<p style=\"font-weight: 400;\">Die berufliche T\u00e4tigkeit von Versicherungsmaklern\/-vermittlern wird durch das k\u00f6nigliche Gesetzesdekret 03\/2020 vom 4. Februar \u00fcber Dringlichkeitsma\u00dfnahmen zur Umsetzung verschiedener Richtlinien der Europ\u00e4ischen Union in spanisches Recht geregelt, unter anderem im Bereich der Privatversicherung, wodurch der Schutz der Rechte der Kunden gew\u00e4hrleistet wird<\/p>\n<p style=\"font-weight: 400;\">Unser Firmenname ist Corredur\u00eda de Seguros Schippers, S.L., mit der C.I.F. B38065470, und die Adresse ist Calle La Hoya 69, Local 6, 38400 Puerto de la Cruz Wir sind im Register der Direcci\u00f3n General de Seguros y Fondos de Pensiones unter der Registernummer J0079 eingetragen. Diese Eintragung kann auf der Website der Direcci\u00f3n General de Seguros y Fondos de Pensiones in der Rubrik Vertriebsstellen in der zentralen Informationsstelle f\u00fcr Versicherungs- und R\u00fcckversicherungsvertriebe eingesehen werden:<a href=\"https:\/\/dgsfp.mineco.gob.es\/es\/Distribuidores\/Paginas\/default.aspx\">https:\/\/dgsfp.mineco.gob.es\/es\/Distribuidores\/Paginas\/default.aspx<\/a>.<\/p>\n<p style=\"font-weight: 400;\">Wir teilen Ihnen mit, dass wir eine Berufshaftpflichtversicherung abgeschlossen haben und \u00fcber die gesetzlich vorgeschriebene finanzielle Leistungsf\u00e4higkeit verf\u00fcgen, und zwar in \u00dcbereinstimmung mit den Bestimmungen von Artikel 157.1, Buchstaben f) und g).<\/p>\n<p style=\"font-weight: 400;\">Als Versicherungsmakler handeln wir im Auftrag unserer Kunden. Versicherungsmakler sind die einzigen Fachleute, die befugt sind, Sie mit gr\u00f6\u00dfter Unabh\u00e4ngigkeit und Unparteilichkeit in Bezug auf Versicherungsgesellschaften zu beraten. Wir beraten Sie in Bezug auf die angebotenen Versicherungsprodukte auf der Grundlage einer objektiven und pers\u00f6nlichen Analyse. Die Verg\u00fctung, die wir daf\u00fcr erhalten, ist eine Provision, die in der Versicherungspr\u00e4mie enthalten ist.<\/p>\n<p style=\"font-weight: 400;\">Wir verf\u00fcgen \u00fcber eine an den Consejo General de los Colegios de Mediadores de Seguros ausgelagerte Kundendienstabteilung, deren Hauptaufgabe in der Bearbeitung und L\u00f6sung von Beschwerden und Anspr\u00fcchen besteht, die von nat\u00fcrlichen oder juristischen Personen im Zusammenhang mit den erbrachten Dienstleistungen eingereicht werden k\u00f6nnen Beschwerden und Reklamationen k\u00f6nnen bei der Kundendienstabteilung oder gegebenenfalls bei jedem f\u00fcr die \u00d6ffentlichkeit zug\u00e4nglichen B\u00fcro des Versicherungsmaklerb\u00fcros Schippers sowie unter der folgenden E-Mail-Adresse eingereicht werden: <a href=\"mailto:schippers@schippers.es\">schippers@schippers.es<\/a> und\/oder an die E-Mail-Adresse der Kundendienstabteilung: <a href=\"mailto:atencioncliente@mediadores.info\">atencioncliente@mediadores.info<\/a> und deren Postanschrift lautet: Alcal\u00e1 96, Piso 6\u00ba, Puerta 2\u00aa. 28009 Madrid. Zu diesem Zweck verf\u00fcgt das Versicherungsmaklerb\u00fcro Schippers \u00fcber ein Beschwerde- bzw. Forderungsformular und ein Reglement, das den Betrieb der Kundendienstabteilung regelt.<\/p>\n<p style=\"font-weight: 400;\">Wir haben die Verarbeitung Ihrer personenbezogenen Daten in \u00dcbereinstimmung mit den Bestimmungen des Artikels 5.1 des Organgesetzes 3\/2018 vom 5. Dezember \u00fcber den Schutz personenbezogener Daten und die Garantie der digitalen Rechte festgelegt.<\/p>\n<p style=\"font-weight: 400;\">Wir informieren den Kunden auch \u00fcber den Inhalt von Artikel 21 des Gesetzes 50\/1980 \u00fcber Versicherungsvertr\u00e4ge, so dass die Mitteilungen, die der Vermittler an den Versicherer sendet, die gleichen Auswirkungen haben, als ob sie von der interessierten Partei (Versicherungsnehmer) gemacht w\u00fcrden.<\/p>\n<p>Hinweis zu den \u00dcbersetzungen: Die fremdsprachigen Seiten sind eine \u00dcbersetzung aus der spanichen Sprache und nur als Service f\u00fcr unsere ausl\u00e4ndischen Kunden zu verstehen. Ma\u00dfgebend und rechtsverbindlich ist in jedem Fall ausschlie\u00dflich der spanische Originaltext.<\/p>\n<p>[\/et_pb_text][\/et_pb_column][\/et_pb_row][\/et_pb_section]<\/p>\n","protected":false},"excerpt":{"rendered":"<p>Die Corredur\u00eda de Seguros Schippers, S.L. stellt allen ihren Kunden ihre Pflicht zur Vorinformation zur Verf\u00fcgung. Die berufliche T\u00e4tigkeit von Versicherungsmaklern\/-vermittlern wird durch das k\u00f6nigliche Gesetzesdekret 03\/2020 vom 4. Februar \u00fcber Dringlichkeitsma\u00dfnahmen zur Umsetzung verschiedener Richtlinien der Europ\u00e4ischen Union in spanisches Recht geregelt, unter anderem im Bereich der Privatversicherung, wodurch der Schutz der Rechte der [&hellip;]<\/p>\n","protected":false},"author":3,"featured_media":588,"parent":0,"menu_order":0,"comment_status":"closed","ping_status":"closed","template":"","meta":{"_et_pb_use_builder":"on","_et_pb_old_content":"","_et_gb_content_width":"","footnotes":""},"class_list":["post-747","page","type-page","status-publish","has-post-thumbnail","hentry"],"yoast_head":"<!-- This site is optimized with the Yoast SEO plugin v26.2 - https:\/\/yoast.com\/wordpress\/plugins\/seo\/ -->\n<title>Rechtlicher Hinweis - Schippers, Corredur\u00eda de Seguros<\/title>\n<meta name=\"robots\" content=\"index, follow, max-snippet:-1, max-image-preview:large, max-video-preview:-1\" \/>\n<link rel=\"canonical\" href=\"https:\/\/schippers.es\/de\/rechtlicher-hinweis\/\" \/>\n<meta property=\"og:locale\" content=\"de_DE\" \/>\n<meta property=\"og:type\" content=\"article\" \/>\n<meta property=\"og:title\" content=\"Rechtlicher Hinweis - Schippers, Corredur\u00eda de Seguros\" \/>\n<meta property=\"og:description\" content=\"Die Corredur\u00eda de Seguros Schippers, S.L. stellt allen ihren Kunden ihre Pflicht zur Vorinformation zur Verf\u00fcgung. Die berufliche T\u00e4tigkeit von Versicherungsmaklern\/-vermittlern wird durch das k\u00f6nigliche Gesetzesdekret 03\/2020 vom 4. Februar \u00fcber Dringlichkeitsma\u00dfnahmen zur Umsetzung verschiedener Richtlinien der Europ\u00e4ischen Union in spanisches Recht geregelt, unter anderem im Bereich der Privatversicherung, wodurch der Schutz der Rechte der [&hellip;]\" \/>\n<meta property=\"og:url\" content=\"https:\/\/schippers.es\/de\/rechtlicher-hinweis\/\" \/>\n<meta property=\"og:site_name\" content=\"Schippers, Corredur\u00eda de Seguros\" \/>\n<meta property=\"article:publisher\" content=\"https:\/\/www.facebook.com\/SchippersSeguros\" \/>\n<meta property=\"article:modified_time\" content=\"2023-11-30T11:16:48+00:00\" \/>\n<meta property=\"og:image\" content=\"https:\/\/schippers.es\/wp-content\/uploads\/2023\/11\/Schippers-Seguros-Legal.jpg\" \/>\n\t<meta property=\"og:image:width\" content=\"2000\" \/>\n\t<meta property=\"og:image:height\" content=\"768\" \/>\n\t<meta property=\"og:image:type\" content=\"image\/jpeg\" \/>\n<meta name=\"twitter:card\" content=\"summary_large_image\" \/>\n<meta name=\"twitter:label1\" content=\"Gesch\u00e4tzte Lesezeit\" \/>\n\t<meta name=\"twitter:data1\" content=\"3\u00a0Minuten\" \/>\n<script type=\"application\/ld+json\" class=\"yoast-schema-graph\">{\"@context\":\"https:\/\/schema.org\",\"@graph\":[{\"@type\":\"WebPage\",\"@id\":\"https:\/\/schippers.es\/de\/rechtlicher-hinweis\/\",\"url\":\"https:\/\/schippers.es\/de\/rechtlicher-hinweis\/\",\"name\":\"Rechtlicher Hinweis - Schippers, Corredur\u00eda de Seguros\",\"isPartOf\":{\"@id\":\"https:\/\/schippers.es\/#website\"},\"primaryImageOfPage\":{\"@id\":\"https:\/\/schippers.es\/de\/rechtlicher-hinweis\/#primaryimage\"},\"image\":{\"@id\":\"https:\/\/schippers.es\/de\/rechtlicher-hinweis\/#primaryimage\"},\"thumbnailUrl\":\"https:\/\/schippers.es\/wp-content\/uploads\/2023\/11\/Schippers-Seguros-Legal.jpg\",\"datePublished\":\"2023-07-13T14:59:47+00:00\",\"dateModified\":\"2023-11-30T11:16:48+00:00\",\"breadcrumb\":{\"@id\":\"https:\/\/schippers.es\/de\/rechtlicher-hinweis\/#breadcrumb\"},\"inLanguage\":\"de\",\"potentialAction\":[{\"@type\":\"ReadAction\",\"target\":[\"https:\/\/schippers.es\/de\/rechtlicher-hinweis\/\"]}]},{\"@type\":\"ImageObject\",\"inLanguage\":\"de\",\"@id\":\"https:\/\/schippers.es\/de\/rechtlicher-hinweis\/#primaryimage\",\"url\":\"https:\/\/schippers.es\/wp-content\/uploads\/2023\/11\/Schippers-Seguros-Legal.jpg\",\"contentUrl\":\"https:\/\/schippers.es\/wp-content\/uploads\/2023\/11\/Schippers-Seguros-Legal.jpg\",\"width\":2000,\"height\":768,\"caption\":\"Wooden blocks with icons of various types of insurance. Life insurance concept.\"},{\"@type\":\"BreadcrumbList\",\"@id\":\"https:\/\/schippers.es\/de\/rechtlicher-hinweis\/#breadcrumb\",\"itemListElement\":[{\"@type\":\"ListItem\",\"position\":1,\"name\":\"Portada\",\"item\":\"https:\/\/schippers.es\/de\/\"},{\"@type\":\"ListItem\",\"position\":2,\"name\":\"Rechtlicher Hinweis\"}]},{\"@type\":\"WebSite\",\"@id\":\"https:\/\/schippers.es\/#website\",\"url\":\"https:\/\/schippers.es\/\",\"name\":\"Schippers, Corredur\u00eda de Seguros\",\"description\":\"Schippers, Corredur\u00eda de Seguros\",\"publisher\":{\"@id\":\"https:\/\/schippers.es\/#organization\"},\"alternateName\":\"Schippers Seguros\",\"potentialAction\":[{\"@type\":\"SearchAction\",\"target\":{\"@type\":\"EntryPoint\",\"urlTemplate\":\"https:\/\/schippers.es\/?s={search_term_string}\"},\"query-input\":{\"@type\":\"PropertyValueSpecification\",\"valueRequired\":true,\"valueName\":\"search_term_string\"}}],\"inLanguage\":\"de\"},{\"@type\":\"Organization\",\"@id\":\"https:\/\/schippers.es\/#organization\",\"name\":\"Schippers, Corredur\u00eda de Seguros\",\"alternateName\":\"Schippers\",\"url\":\"https:\/\/schippers.es\/\",\"logo\":{\"@type\":\"ImageObject\",\"inLanguage\":\"de\",\"@id\":\"https:\/\/schippers.es\/#\/schema\/logo\/image\/\",\"url\":\"https:\/\/schippers.es\/wp-content\/uploads\/2024\/01\/Logo-Schippers-696x696-1.png\",\"contentUrl\":\"https:\/\/schippers.es\/wp-content\/uploads\/2024\/01\/Logo-Schippers-696x696-1.png\",\"width\":696,\"height\":696,\"caption\":\"Schippers, Corredur\u00eda de Seguros\"},\"image\":{\"@id\":\"https:\/\/schippers.es\/#\/schema\/logo\/image\/\"},\"sameAs\":[\"https:\/\/www.facebook.com\/SchippersSeguros\",\"https:\/\/www.instagram.com\/schippers_seguros\/\"]}]}<\/script>\n<!-- \/ Yoast SEO plugin. -->","yoast_head_json":{"title":"Rechtlicher Hinweis - Schippers, Corredur\u00eda de Seguros","robots":{"index":"index","follow":"follow","max-snippet":"max-snippet:-1","max-image-preview":"max-image-preview:large","max-video-preview":"max-video-preview:-1"},"canonical":"https:\/\/schippers.es\/de\/rechtlicher-hinweis\/","og_locale":"de_DE","og_type":"article","og_title":"Rechtlicher Hinweis - Schippers, Corredur\u00eda de Seguros","og_description":"Die Corredur\u00eda de Seguros Schippers, S.L. stellt allen ihren Kunden ihre Pflicht zur Vorinformation zur Verf\u00fcgung. Die berufliche T\u00e4tigkeit von Versicherungsmaklern\/-vermittlern wird durch das k\u00f6nigliche Gesetzesdekret 03\/2020 vom 4. Februar \u00fcber Dringlichkeitsma\u00dfnahmen zur Umsetzung verschiedener Richtlinien der Europ\u00e4ischen Union in spanisches Recht geregelt, unter anderem im Bereich der Privatversicherung, wodurch der Schutz der Rechte der [&hellip;]","og_url":"https:\/\/schippers.es\/de\/rechtlicher-hinweis\/","og_site_name":"Schippers, Corredur\u00eda de Seguros","article_publisher":"https:\/\/www.facebook.com\/SchippersSeguros","article_modified_time":"2023-11-30T11:16:48+00:00","og_image":[{"width":2000,"height":768,"url":"https:\/\/schippers.es\/wp-content\/uploads\/2023\/11\/Schippers-Seguros-Legal.jpg","type":"image\/jpeg"}],"twitter_card":"summary_large_image","twitter_misc":{"Gesch\u00e4tzte Lesezeit":"3\u00a0Minuten"},"schema":{"@context":"https:\/\/schema.org","@graph":[{"@type":"WebPage","@id":"https:\/\/schippers.es\/de\/rechtlicher-hinweis\/","url":"https:\/\/schippers.es\/de\/rechtlicher-hinweis\/","name":"Rechtlicher Hinweis - Schippers, Corredur\u00eda de Seguros","isPartOf":{"@id":"https:\/\/schippers.es\/#website"},"primaryImageOfPage":{"@id":"https:\/\/schippers.es\/de\/rechtlicher-hinweis\/#primaryimage"},"image":{"@id":"https:\/\/schippers.es\/de\/rechtlicher-hinweis\/#primaryimage"},"thumbnailUrl":"https:\/\/schippers.es\/wp-content\/uploads\/2023\/11\/Schippers-Seguros-Legal.jpg","datePublished":"2023-07-13T14:59:47+00:00","dateModified":"2023-11-30T11:16:48+00:00","breadcrumb":{"@id":"https:\/\/schippers.es\/de\/rechtlicher-hinweis\/#breadcrumb"},"inLanguage":"de","potentialAction":[{"@type":"ReadAction","target":["https:\/\/schippers.es\/de\/rechtlicher-hinweis\/"]}]},{"@type":"ImageObject","inLanguage":"de","@id":"https:\/\/schippers.es\/de\/rechtlicher-hinweis\/#primaryimage","url":"https:\/\/schippers.es\/wp-content\/uploads\/2023\/11\/Schippers-Seguros-Legal.jpg","contentUrl":"https:\/\/schippers.es\/wp-content\/uploads\/2023\/11\/Schippers-Seguros-Legal.jpg","width":2000,"height":768,"caption":"Wooden blocks with icons of various types of insurance. Life insurance concept."},{"@type":"BreadcrumbList","@id":"https:\/\/schippers.es\/de\/rechtlicher-hinweis\/#breadcrumb","itemListElement":[{"@type":"ListItem","position":1,"name":"Portada","item":"https:\/\/schippers.es\/de\/"},{"@type":"ListItem","position":2,"name":"Rechtlicher Hinweis"}]},{"@type":"WebSite","@id":"https:\/\/schippers.es\/#website","url":"https:\/\/schippers.es\/","name":"Schippers, Corredur\u00eda de Seguros","description":"Schippers, Corredur\u00eda de Seguros","publisher":{"@id":"https:\/\/schippers.es\/#organization"},"alternateName":"Schippers Seguros","potentialAction":[{"@type":"SearchAction","target":{"@type":"EntryPoint","urlTemplate":"https:\/\/schippers.es\/?s={search_term_string}"},"query-input":{"@type":"PropertyValueSpecification","valueRequired":true,"valueName":"search_term_string"}}],"inLanguage":"de"},{"@type":"Organization","@id":"https:\/\/schippers.es\/#organization","name":"Schippers, Corredur\u00eda de Seguros","alternateName":"Schippers","url":"https:\/\/schippers.es\/","logo":{"@type":"ImageObject","inLanguage":"de","@id":"https:\/\/schippers.es\/#\/schema\/logo\/image\/","url":"https:\/\/schippers.es\/wp-content\/uploads\/2024\/01\/Logo-Schippers-696x696-1.png","contentUrl":"https:\/\/schippers.es\/wp-content\/uploads\/2024\/01\/Logo-Schippers-696x696-1.png","width":696,"height":696,"caption":"Schippers, Corredur\u00eda de Seguros"},"image":{"@id":"https:\/\/schippers.es\/#\/schema\/logo\/image\/"},"sameAs":["https:\/\/www.facebook.com\/SchippersSeguros","https:\/\/www.instagram.com\/schippers_seguros\/"]}]}},"_links":{"self":[{"href":"https:\/\/schippers.es\/de\/wp-json\/wp\/v2\/pages\/747","targetHints":{"allow":["GET"]}}],"collection":[{"href":"https:\/\/schippers.es\/de\/wp-json\/wp\/v2\/pages"}],"about":[{"href":"https:\/\/schippers.es\/de\/wp-json\/wp\/v2\/types\/page"}],"author":[{"embeddable":true,"href":"https:\/\/schippers.es\/de\/wp-json\/wp\/v2\/users\/3"}],"replies":[{"embeddable":true,"href":"https:\/\/schippers.es\/de\/wp-json\/wp\/v2\/comments?post=747"}],"version-history":[{"count":2,"href":"https:\/\/schippers.es\/de\/wp-json\/wp\/v2\/pages\/747\/revisions"}],"predecessor-version":[{"id":749,"href":"https:\/\/schippers.es\/de\/wp-json\/wp\/v2\/pages\/747\/revisions\/749"}],"wp:featuredmedia":[{"embeddable":true,"href":"https:\/\/schippers.es\/de\/wp-json\/wp\/v2\/media\/588"}],"wp:attachment":[{"href":"https:\/\/schippers.es\/de\/wp-json\/wp\/v2\/media?parent=747"}],"curies":[{"name":"wp","href":"https:\/\/api.w.org\/{rel}","templated":true}]}}